{"id":1348,"date":"2025-01-06T11:02:37","date_gmt":"2025-01-06T10:02:37","guid":{"rendered":"https:\/\/www.porlammin.fi\/zero-carbon-footprint\/"},"modified":"2025-08-05T13:29:21","modified_gmt":"2025-08-05T12:29:21","slug":"zero-carbon-footprint","status":"publish","type":"page","link":"https:\/\/www.porlammin.fi\/en\/zero-carbon-footprint\/","title":{"rendered":"Carbon Footprint"},"content":{"rendered":"<p><div class=\"fusion-fullwidth fullwidth-box fusion-builder-row-1 fusion-flex-container has-pattern-background nonhundred-percent-fullwidth non-hundred-percent-height-scrolling\" style=\"--awb-background-blend-mode:overlay;--awb-border-radius-top-left:0px;--awb-border-radius-top-right:0px;--awb-border-radius-bottom-right:0px;--awb-border-radius-bottom-left:0px;--awb-padding-top:120px;--awb-padding-top-small:60px;--awb-margin-bottom:0px;--awb-background-color:var(--awb-color7);--awb-flex-wrap:wrap;\" ><div class=\"fusion-builder-row fusion-row fusion-flex-align-items-center fusion-flex-content-wrap\" style=\"max-width:calc( 1200px + 120px );margin-left: calc(-120px \/ 2 );margin-right: calc(-120px \/ 2 );\"><div class=\"fusion-layout-column fusion_builder_column fusion-builder-column-0 fusion_builder_column_1_2 1_2 fusion-flex-column fusion-animated\" style=\"--awb-bg-size:cover;--awb-width-large:50%;--awb-margin-top-large:0px;--awb-spacing-right-large:24px;--awb-margin-bottom-large:0px;--awb-spacing-left-large:60px;--awb-width-medium:50%;--awb-order-medium:0;--awb-spacing-right-medium:24px;--awb-spacing-left-medium:60px;--awb-width-small:100%;--awb-order-small:1;--awb-spacing-right-small:60px;--awb-spacing-left-small:60px;\" data-animationType=\"fadeInLeft\" data-animationDuration=\"0.3\" data-animationOffset=\"top-into-view\"><div class=\"fusion-column-wrapper fusion-column-has-shadow fusion-flex-justify-content-flex-start fusion-content-layout-column\"><div class=\"fusion-title title fusion-title-1 fusion-sep-none fusion-title-text fusion-title-size-one\" style=\"--awb-text-color:var(--awb-color1);--awb-margin-bottom:20px;--awb-margin-top-small:10px;--awb-margin-right-small:0px;--awb-margin-bottom-small:10px;--awb-margin-left-small:0px;--awb-text-stroke-size:0px;--awb-text-stroke-color:var(--awb-color3);\"><h1 class=\"fusion-title-heading title-heading-left fusion-responsive-typography-calculated\" style=\"margin:0;--fontSize:51;line-height:var(--awb-typography1-line-height);text-shadow:0px var(--awb-color1);\">Objective of the Porlammi Dairy<\/h1><\/div><div class=\"fusion-text fusion-text-1\" style=\"--awb-text-color:var(--awb-color1);\"><p id=\"tw-target-text\" class=\"tw-data-text tw-text-large tw-ta\" dir=\"ltr\" data-placeholder=\"Overs\u00e6ttelse\" data-ved=\"2ahUKEwi76MLZ4eWKAxVsDRAIHQLmOZAQ3ewLegQIChAU\" aria-label=\"Oversat tekst: Porlammi mejeri's m\u00e5l: Sikker mad sikkert - men kulstofneutralt - inden 2035. I 2020 startede Porlammi-mejeriet et fors\u00f8g med at idrifts\u00e6tte et solcelleanl\u00e6g, der producerer elektricitet til eget brug. Brugsprofilen for solenergi er fremragende for os: Den kolde k\u00e6de af sikker madlavning starter med os, og n\u00e5r behovet for energi er h\u00f8jt, is\u00e6r p\u00e5 en varm solskinsdag, er den ogs\u00e5 rigeligt tilg\u00e6ngelig.\">The long-term development plan for the Porlammi dairy is due to be completed by 2035.<\/p>\n<\/div><div class=\"fusion-separator\" style=\"align-self: flex-start;margin-right:auto;width:100%;max-width:50px;\"><div class=\"fusion-separator-border sep-single sep-solid\" style=\"--awb-height:20px;--awb-amount:20px;border-color:var(--awb-color3);border-top-width:15px;\"><\/div><\/div><\/div><\/div><div class=\"fusion-layout-column fusion_builder_column fusion-builder-column-1 fusion_builder_column_1_2 1_2 fusion-flex-column fusion-animated\" style=\"--awb-overflow:hidden;--awb-bg-size:cover;--awb-border-radius:15px 15px 15px 15px;--awb-width-large:50%;--awb-margin-top-large:0px;--awb-spacing-right-large:0px;--awb-margin-bottom-large:0px;--awb-spacing-left-large:60px;--awb-width-medium:50%;--awb-order-medium:0;--awb-spacing-right-medium:60px;--awb-spacing-left-medium:60px;--awb-width-small:100%;--awb-order-small:0;--awb-spacing-right-small:60px;--awb-margin-bottom-small:60px;--awb-spacing-left-small:60px;\" data-animationType=\"fadeInRight\" data-animationDuration=\"0.3\" data-animationOffset=\"top-into-view\"><div class=\"fusion-column-wrapper fusion-column-has-shadow fusion-flex-justify-content-flex-start fusion-content-layout-column\"><div class=\"fusion-image-element \" style=\"--awb-caption-title-font-family:var(--h2_typography-font-family);--awb-caption-title-font-weight:var(--h2_typography-font-weight);--awb-caption-title-font-style:var(--h2_typography-font-style);--awb-caption-title-size:var(--h2_typography-font-size);--awb-caption-title-transform:var(--h2_typography-text-transform);--awb-caption-title-line-height:var(--h2_typography-line-height);--awb-caption-title-letter-spacing:var(--h2_typography-letter-spacing);\"><span class=\" fusion-imageframe imageframe-none imageframe-1 hover-type-none\"><img decoding=\"async\" width=\"1000\" height=\"600\" title=\"sun_panels2\" src=\"https:\/\/www.porlammin.fi\/wp-content\/uploads\/2025\/01\/sun_panels2.jpg\" alt class=\"img-responsive wp-image-855\" srcset=\"https:\/\/www.porlammin.fi\/wp-content\/uploads\/2025\/01\/sun_panels2-200x120.jpg 200w, https:\/\/www.porlammin.fi\/wp-content\/uploads\/2025\/01\/sun_panels2-400x240.jpg 400w, https:\/\/www.porlammin.fi\/wp-content\/uploads\/2025\/01\/sun_panels2-600x360.jpg 600w, https:\/\/www.porlammin.fi\/wp-content\/uploads\/2025\/01\/sun_panels2-800x480.jpg 800w, https:\/\/www.porlammin.fi\/wp-content\/uploads\/2025\/01\/sun_panels2.jpg 1000w\" sizes=\"(max-width: 640px) 100vw, 600px\" \/><\/span><\/div><\/div><\/div><div class=\"fusion-layout-column fusion_builder_column fusion-builder-column-2 fusion_builder_column_1_1 1_1 fusion-flex-column\" style=\"--awb-bg-size:cover;--awb-width-large:100%;--awb-margin-top-large:80px;--awb-spacing-right-large:60px;--awb-margin-bottom-large:0px;--awb-spacing-left-large:60px;--awb-width-medium:100%;--awb-order-medium:0;--awb-spacing-right-medium:60px;--awb-spacing-left-medium:60px;--awb-width-small:100%;--awb-order-small:2;--awb-margin-top-small:60px;--awb-spacing-right-small:60px;--awb-spacing-left-small:60px;\"><div class=\"fusion-column-wrapper fusion-column-has-shadow fusion-flex-justify-content-flex-start fusion-content-layout-column\"><div class=\"fusion-section-separator section-separator waves fusion-section-separator-1\" style=\"--awb-spacer-padding-top:inherit;--awb-svg-margin-left:60px;--awb-svg-margin-right:60px;--awb-svg-margin-left-medium:60px;--awb-svg-margin-right-medium:60px;--awb-svg-margin-left-small:60px;--awb-svg-margin-right-small:60px;--awb-divider-height:50px;--awb-spacer-height:50px;--awb-sep-font-size:0;--awb-sep-line-height:0;\"><div class=\"fusion-section-separator-svg\"><svg class=\"fusion-waves-candy\" xmlns=\"http:\/\/www.w3.org\/2000\/svg\" version=\"1.1\" width=\"100%\" viewBox=\"0 54 1024 162\" preserveAspectRatio=\"none\" fill=\"rgba(255,255,255,1)\"><path class=\"st3\" d=\"M0 216.312h1024v-3.044c-50.8-17.1-108.7-30.7-172.7-37.9-178.6-19.8-220 36.8-404.9 21.3-206.6-17.2-228-126.5-434.5-141.6-3.9-.3-7.9-.5-11.9-.7v161.944z\"\/><\/svg><\/div><div class=\"fusion-section-separator-spacer\"><div class=\"fusion-section-separator-spacer-height\"><\/div><\/div><\/div><\/div><\/div><\/div><\/div><div class=\"fusion-fullwidth fullwidth-box fusion-builder-row-2 fusion-flex-container has-pattern-background has-mask-background nonhundred-percent-fullwidth non-hundred-percent-height-scrolling\" style=\"--awb-border-radius-top-left:0px;--awb-border-radius-top-right:0px;--awb-border-radius-bottom-right:0px;--awb-border-radius-bottom-left:0px;--awb-padding-top:80px;--awb-padding-bottom:80px;--awb-flex-wrap:wrap;\" ><div class=\"fusion-builder-row fusion-row fusion-flex-align-items-flex-start fusion-flex-content-wrap\" style=\"max-width:1248px;margin-left: calc(-4% \/ 2 );margin-right: calc(-4% \/ 2 );\"><div class=\"fusion-layout-column fusion_builder_column fusion-builder-column-3 fusion_builder_column_1_2 1_2 fusion-flex-column\" style=\"--awb-bg-size:cover;--awb-width-large:50%;--awb-margin-top-large:0px;--awb-spacing-right-large:3.84%;--awb-margin-bottom-large:20px;--awb-spacing-left-large:3.84%;--awb-width-medium:50%;--awb-order-medium:0;--awb-spacing-right-medium:3.84%;--awb-spacing-left-medium:3.84%;--awb-width-small:100%;--awb-order-small:0;--awb-spacing-right-small:1.92%;--awb-spacing-left-small:1.92%;\"><div class=\"fusion-column-wrapper fusion-column-has-shadow fusion-flex-justify-content-flex-start fusion-content-layout-column\"><div class=\"fusion-title title fusion-title-2 fusion-sep-none fusion-title-text fusion-title-size-two\" style=\"--awb-margin-top-small:10px;--awb-margin-right-small:0px;--awb-margin-bottom-small:10px;--awb-margin-left-small:0px;\"><h2 class=\"fusion-title-heading title-heading-left fusion-responsive-typography-calculated\" style=\"margin:0;--fontSize:42.5;line-height:var(--awb-typography1-line-height);\"><strong>Zero carbon footprint<\/strong><\/h2><\/div><div class=\"fusion-text fusion-text-2\"><p>In 2020, Porlammi Dairy started an experiment by implementing a solar power system to generate electricity for our own use. Solar power is an excellent fit for our energy needs: the cold chain for producing safe food starts with us, and when the demand for energy is high\u2014especially on warm, sunny days\u2014solar energy is abundant.<\/p>\n<p>The results and experiences from this solar power experiment help us make decisions and choices to further increase the use of renewable energy sources. If the experiment proceeds according to plan and the investments are deemed feasible, the solar energy output at our factory is expected to reach 300-500 peak kilowatts within five years.<\/p>\n<\/div><\/div><\/div><div class=\"fusion-layout-column fusion_builder_column fusion-builder-column-4 fusion_builder_column_1_2 1_2 fusion-flex-column fusion-flex-align-self-center\" style=\"--awb-bg-size:cover;--awb-width-large:50%;--awb-margin-top-large:0px;--awb-spacing-right-large:3.84%;--awb-margin-bottom-large:20px;--awb-spacing-left-large:3.84%;--awb-width-medium:50%;--awb-order-medium:0;--awb-spacing-right-medium:3.84%;--awb-spacing-left-medium:3.84%;--awb-width-small:100%;--awb-order-small:0;--awb-spacing-right-small:1.92%;--awb-spacing-left-small:1.92%;\"><div class=\"fusion-column-wrapper fusion-column-has-shadow fusion-flex-justify-content-flex-start fusion-content-layout-column\"><div class=\"fusion-image-element \" style=\"--awb-caption-title-font-family:var(--h2_typography-font-family);--awb-caption-title-font-weight:var(--h2_typography-font-weight);--awb-caption-title-font-style:var(--h2_typography-font-style);--awb-caption-title-size:var(--h2_typography-font-size);--awb-caption-title-transform:var(--h2_typography-text-transform);--awb-caption-title-line-height:var(--h2_typography-line-height);--awb-caption-title-letter-spacing:var(--h2_typography-letter-spacing);\"><span class=\" fusion-imageframe imageframe-none imageframe-2 hover-type-none\" style=\"border-radius:15px;\"><img decoding=\"async\" width=\"1280\" height=\"720\" title=\"facade\" src=\"https:\/\/www.porlammin.fi\/wp-content\/uploads\/2025\/01\/facade.jpg\" alt class=\"img-responsive wp-image-730\" srcset=\"https:\/\/www.porlammin.fi\/wp-content\/uploads\/2025\/01\/facade-200x113.jpg 200w, https:\/\/www.porlammin.fi\/wp-content\/uploads\/2025\/01\/facade-400x225.jpg 400w, https:\/\/www.porlammin.fi\/wp-content\/uploads\/2025\/01\/facade-600x338.jpg 600w, https:\/\/www.porlammin.fi\/wp-content\/uploads\/2025\/01\/facade-800x450.jpg 800w, https:\/\/www.porlammin.fi\/wp-content\/uploads\/2025\/01\/facade-1200x675.jpg 1200w, https:\/\/www.porlammin.fi\/wp-content\/uploads\/2025\/01\/facade.jpg 1280w\" sizes=\"(max-width: 640px) 100vw, 600px\" \/><\/span><\/div><\/div><\/div><\/div><\/div><div class=\"fusion-fullwidth fullwidth-box fusion-builder-row-3 fusion-flex-container has-pattern-background has-mask-background nonhundred-percent-fullwidth non-hundred-percent-height-scrolling\" style=\"--awb-border-radius-top-left:0px;--awb-border-radius-top-right:0px;--awb-border-radius-bottom-right:0px;--awb-border-radius-bottom-left:0px;--awb-padding-top:80px;--awb-padding-bottom:0px;--awb-background-color:var(--awb-color2);--awb-flex-wrap:wrap;\" ><div class=\"fusion-builder-row fusion-row fusion-flex-align-items-flex-start fusion-flex-content-wrap\" style=\"max-width:1248px;margin-left: calc(-4% \/ 2 );margin-right: calc(-4% \/ 2 );\"><div class=\"fusion-layout-column fusion_builder_column fusion-builder-column-5 fusion_builder_column_1_1 1_1 fusion-flex-column\" style=\"--awb-bg-size:cover;--awb-width-large:100%;--awb-margin-top-large:0px;--awb-spacing-right-large:150px;--awb-margin-bottom-large:20px;--awb-spacing-left-large:150px;--awb-width-medium:100%;--awb-order-medium:0;--awb-spacing-right-medium:150px;--awb-spacing-left-medium:150px;--awb-width-small:100%;--awb-order-small:0;--awb-spacing-right-small:1.92%;--awb-spacing-left-small:1.92%;\"><div class=\"fusion-column-wrapper fusion-column-has-shadow fusion-flex-justify-content-flex-start fusion-content-layout-column\"><div class=\"fusion-title title fusion-title-3 fusion-sep-none fusion-title-text fusion-title-size-two\" style=\"--awb-margin-bottom:25px;--awb-margin-top-small:10px;--awb-margin-right-small:0px;--awb-margin-bottom-small:10px;--awb-margin-left-small:0px;\"><h2 class=\"fusion-title-heading title-heading-left fusion-responsive-typography-calculated\" style=\"margin:0;--fontSize:42.5;line-height:var(--awb-typography1-line-height);\"><strong>Porlammi Dairy Began its Solar Power Experiment in 2020<\/strong><\/h2><\/div><div class=\"fusion-text fusion-text-3\"><p>The long-term development plan for Porlammi Dairy is expected to be completed by 2023, but efforts to achieve carbon-neutral operations started immediately. We are carefully reviewing the current state of operations and exploring various development options, while considering the environmental impacts of actions already taken and those planned.<\/p>\n<p>Efficient use of raw materials to minimize waste is a significant way to reduce our carbon footprint. Our new production control system provides us with better tools to plan the longest possible shelf lives for our products, well-timed and appropriately sized production batches, and better raw material procurement.<\/p>\n<p>Packaging Safe Food and Reducing Carbon Footprint Our new products already feature a lighter carbon footprint packaging alternative that still ensures good product shelf life and protection.<\/p>\n<p>We are constantly challenging the recycling, reuse, and repurposing of raw materials, packaging materials, cardboard, plastics, and metals used in our logistics chain to make our operations as carbon-efficient as possible.<\/p>\n<p><strong>\u00a0<\/strong>Since our production facility is located near Finland\u2019s logistics center, we aim to plan deliveries and transportation so that vehicles are as full as possible and travel the shortest possible distances\u2014of course, with safety in mind and maintaining the cold chain.<\/p>\n<p>Energy-Efficient Lighting and Water Use Minimization We have updated our lighting system to meet both current and future requirements. LED lights save up to 90% more electricity compared to traditional incandescent bulbs. We continuously replace lights and refine their control systems.<\/p>\n<p>&#8220;Cleanliness is half the food.&#8221; This is why our plan is not to reduce water use, but rather to minimize unnecessary water consumption. Water-saving faucets, washing workwear in appropriately sized batches (while considering hygiene, of course), and many other small-sounding measures together contribute to reducing unnecessary water use and increasing our appreciation for the World\u2019s Purest Water.<\/p>\n<p>Our main raw material, the milk produced by our owners, is a key part of our production. In dairy farming, we have already begun implementing measures aimed at achieving carbon-neutral operations. These actions are leading to the development of operational models that will help us continue improving Porlammi Dairy\u2019s processes.<\/p>\n<p>Effective self-monitoring and a systematic approach help us achieve our goals and identify the right areas for development. Our five-year non-production investment plans focus on efficiently recycling waste produced in production, improving heat recovery, and enhancing the energy efficiency of cold storage rooms.<\/p>\n<\/div><\/div><\/div><\/div><\/div><\/p>\n","protected":false},"excerpt":{"rendered":"","protected":false},"author":5,"featured_media":0,"parent":0,"menu_order":0,"comment_status":"closed","ping_status":"closed","template":"100-width.php","meta":{"footnotes":""},"class_list":["post-1348","page","type-page","status-publish","hentry"],"yoast_head":"<!-- This site is optimized with the Yoast SEO plugin v27.5 - https:\/\/yoast.com\/product\/yoast-seo-wordpress\/ -->\n<title>Carbon Footprint \u2013 Porlammin Dairy | Towards Zero Carbon<\/title>\n<meta name=\"description\" content=\"Discover how Porlammin Dairy is reducing its carbon footprint through solar, circular production and energy efficiency initiatives.\" \/>\n<meta name=\"robots\" content=\"index, follow, max-snippet:-1, max-image-preview:large, max-video-preview:-1\" \/>\n<link rel=\"canonical\" href=\"https:\/\/www.porlammin.fi\/en\/zero-carbon-footprint\/\" \/>\n<meta property=\"og:locale\" content=\"en_US\" \/>\n<meta property=\"og:type\" content=\"article\" \/>\n<meta property=\"og:title\" content=\"Carbon Footprint \u2013 Porlammin Dairy | Towards Zero Carbon\" \/>\n<meta property=\"og:description\" content=\"Discover how Porlammin Dairy is reducing its carbon footprint through solar, circular production and energy efficiency initiatives.\" \/>\n<meta property=\"og:url\" content=\"https:\/\/www.porlammin.fi\/en\/zero-carbon-footprint\/\" \/>\n<meta property=\"og:site_name\" content=\"Porlammin Meijeri\" \/>\n<meta property=\"article:modified_time\" content=\"2025-08-05T12:29:21+00:00\" \/>\n<meta property=\"og:image\" content=\"https:\/\/www.porlammin.fi\/wp-content\/uploads\/2025\/01\/Open_graph2.jpg\" \/>\n\t<meta property=\"og:image:width\" content=\"1200\" \/>\n\t<meta property=\"og:image:height\" content=\"650\" \/>\n\t<meta property=\"og:image:type\" content=\"image\/jpeg\" \/>\n<meta name=\"twitter:card\" content=\"summary_large_image\" \/>\n<meta name=\"twitter:label1\" content=\"Est. reading time\" \/>\n\t<meta name=\"twitter:data1\" content=\"3 minutes\" \/>\n<script type=\"application\/ld+json\" class=\"yoast-schema-graph\">{\"@context\":\"https:\\\/\\\/schema.org\",\"@graph\":[{\"@type\":\"WebPage\",\"@id\":\"https:\\\/\\\/www.porlammin.fi\\\/en\\\/zero-carbon-footprint\\\/\",\"url\":\"https:\\\/\\\/www.porlammin.fi\\\/en\\\/zero-carbon-footprint\\\/\",\"name\":\"Carbon Footprint \u2013 Porlammin Dairy | Towards Zero Carbon\",\"isPartOf\":{\"@id\":\"https:\\\/\\\/www.porlammin.fi\\\/en\\\/#website\"},\"datePublished\":\"2025-01-06T10:02:37+00:00\",\"dateModified\":\"2025-08-05T12:29:21+00:00\",\"description\":\"Discover how Porlammin Dairy is reducing its carbon footprint through solar, circular production and energy efficiency initiatives.\",\"breadcrumb\":{\"@id\":\"https:\\\/\\\/www.porlammin.fi\\\/en\\\/zero-carbon-footprint\\\/#breadcrumb\"},\"inLanguage\":\"en-US\",\"potentialAction\":[{\"@type\":\"ReadAction\",\"target\":[\"https:\\\/\\\/www.porlammin.fi\\\/en\\\/zero-carbon-footprint\\\/\"]}]},{\"@type\":\"BreadcrumbList\",\"@id\":\"https:\\\/\\\/www.porlammin.fi\\\/en\\\/zero-carbon-footprint\\\/#breadcrumb\",\"itemListElement\":[{\"@type\":\"ListItem\",\"position\":1,\"name\":\"Home\",\"item\":\"https:\\\/\\\/www.porlammin.fi\\\/en\\\/\"},{\"@type\":\"ListItem\",\"position\":2,\"name\":\"Carbon Footprint\"}]},{\"@type\":\"WebSite\",\"@id\":\"https:\\\/\\\/www.porlammin.fi\\\/en\\\/#website\",\"url\":\"https:\\\/\\\/www.porlammin.fi\\\/en\\\/\",\"name\":\"Porlammin Meijeri\",\"description\":\"\",\"potentialAction\":[{\"@type\":\"SearchAction\",\"target\":{\"@type\":\"EntryPoint\",\"urlTemplate\":\"https:\\\/\\\/www.porlammin.fi\\\/en\\\/?s={search_term_string}\"},\"query-input\":{\"@type\":\"PropertyValueSpecification\",\"valueRequired\":true,\"valueName\":\"search_term_string\"}}],\"inLanguage\":\"en-US\"}]}<\/script>\n<!-- \/ Yoast SEO plugin. -->","yoast_head_json":{"title":"Carbon Footprint \u2013 Porlammin Dairy | Towards Zero Carbon","description":"Discover how Porlammin Dairy is reducing its carbon footprint through solar, circular production and energy efficiency initiatives.","robots":{"index":"index","follow":"follow","max-snippet":"max-snippet:-1","max-image-preview":"max-image-preview:large","max-video-preview":"max-video-preview:-1"},"canonical":"https:\/\/www.porlammin.fi\/en\/zero-carbon-footprint\/","og_locale":"en_US","og_type":"article","og_title":"Carbon Footprint \u2013 Porlammin Dairy | Towards Zero Carbon","og_description":"Discover how Porlammin Dairy is reducing its carbon footprint through solar, circular production and energy efficiency initiatives.","og_url":"https:\/\/www.porlammin.fi\/en\/zero-carbon-footprint\/","og_site_name":"Porlammin Meijeri","article_modified_time":"2025-08-05T12:29:21+00:00","og_image":[{"width":1200,"height":650,"url":"https:\/\/www.porlammin.fi\/wp-content\/uploads\/2025\/01\/Open_graph2.jpg","type":"image\/jpeg"}],"twitter_card":"summary_large_image","twitter_misc":{"Est. reading time":"3 minutes"},"schema":{"@context":"https:\/\/schema.org","@graph":[{"@type":"WebPage","@id":"https:\/\/www.porlammin.fi\/en\/zero-carbon-footprint\/","url":"https:\/\/www.porlammin.fi\/en\/zero-carbon-footprint\/","name":"Carbon Footprint \u2013 Porlammin Dairy | Towards Zero Carbon","isPartOf":{"@id":"https:\/\/www.porlammin.fi\/en\/#website"},"datePublished":"2025-01-06T10:02:37+00:00","dateModified":"2025-08-05T12:29:21+00:00","description":"Discover how Porlammin Dairy is reducing its carbon footprint through solar, circular production and energy efficiency initiatives.","breadcrumb":{"@id":"https:\/\/www.porlammin.fi\/en\/zero-carbon-footprint\/#breadcrumb"},"inLanguage":"en-US","potentialAction":[{"@type":"ReadAction","target":["https:\/\/www.porlammin.fi\/en\/zero-carbon-footprint\/"]}]},{"@type":"BreadcrumbList","@id":"https:\/\/www.porlammin.fi\/en\/zero-carbon-footprint\/#breadcrumb","itemListElement":[{"@type":"ListItem","position":1,"name":"Home","item":"https:\/\/www.porlammin.fi\/en\/"},{"@type":"ListItem","position":2,"name":"Carbon Footprint"}]},{"@type":"WebSite","@id":"https:\/\/www.porlammin.fi\/en\/#website","url":"https:\/\/www.porlammin.fi\/en\/","name":"Porlammin Meijeri","description":"","potentialAction":[{"@type":"SearchAction","target":{"@type":"EntryPoint","urlTemplate":"https:\/\/www.porlammin.fi\/en\/?s={search_term_string}"},"query-input":{"@type":"PropertyValueSpecification","valueRequired":true,"valueName":"search_term_string"}}],"inLanguage":"en-US"}]}},"_links":{"self":[{"href":"https:\/\/www.porlammin.fi\/en\/wp-json\/wp\/v2\/pages\/1348","targetHints":{"allow":["GET"]}}],"collection":[{"href":"https:\/\/www.porlammin.fi\/en\/wp-json\/wp\/v2\/pages"}],"about":[{"href":"https:\/\/www.porlammin.fi\/en\/wp-json\/wp\/v2\/types\/page"}],"author":[{"embeddable":true,"href":"https:\/\/www.porlammin.fi\/en\/wp-json\/wp\/v2\/users\/5"}],"replies":[{"embeddable":true,"href":"https:\/\/www.porlammin.fi\/en\/wp-json\/wp\/v2\/comments?post=1348"}],"version-history":[{"count":19,"href":"https:\/\/www.porlammin.fi\/en\/wp-json\/wp\/v2\/pages\/1348\/revisions"}],"predecessor-version":[{"id":1700,"href":"https:\/\/www.porlammin.fi\/en\/wp-json\/wp\/v2\/pages\/1348\/revisions\/1700"}],"wp:attachment":[{"href":"https:\/\/www.porlammin.fi\/en\/wp-json\/wp\/v2\/media?parent=1348"}],"curies":[{"name":"wp","href":"https:\/\/api.w.org\/{rel}","templated":true}]}}