{"id":1368,"date":"2024-03-08T13:16:54","date_gmt":"2024-03-08T12:16:54","guid":{"rendered":"https:\/\/www.porlammin.fi\/faq\/"},"modified":"2025-08-05T13:30:13","modified_gmt":"2025-08-05T12:30:13","slug":"faq","status":"publish","type":"page","link":"https:\/\/www.porlammin.fi\/en\/faq\/","title":{"rendered":"FAQ"},"content":{"rendered":"<p><div class=\"fusion-fullwidth fullwidth-box fusion-builder-row-1 fusion-flex-container has-pattern-background nonhundred-percent-fullwidth non-hundred-percent-height-scrolling\" style=\"--awb-background-blend-mode:overlay;--awb-border-radius-top-left:0px;--awb-border-radius-top-right:0px;--awb-border-radius-bottom-right:0px;--awb-border-radius-bottom-left:0px;--awb-padding-top:120px;--awb-padding-top-small:60px;--awb-margin-bottom:0px;--awb-background-color:var(--awb-color7);--awb-flex-wrap:wrap;\" ><div class=\"fusion-builder-row fusion-row fusion-flex-align-items-center fusion-flex-content-wrap\" style=\"max-width:calc( 1200px + 120px );margin-left: calc(-120px \/ 2 );margin-right: calc(-120px \/ 2 );\"><div class=\"fusion-layout-column fusion_builder_column fusion-builder-column-0 fusion_builder_column_1_2 1_2 fusion-flex-column fusion-animated\" style=\"--awb-bg-size:cover;--awb-width-large:50%;--awb-margin-top-large:0px;--awb-spacing-right-large:24px;--awb-margin-bottom-large:0px;--awb-spacing-left-large:60px;--awb-width-medium:50%;--awb-order-medium:0;--awb-spacing-right-medium:24px;--awb-spacing-left-medium:60px;--awb-width-small:100%;--awb-order-small:1;--awb-spacing-right-small:60px;--awb-spacing-left-small:60px;\" data-animationType=\"fadeInLeft\" data-animationDuration=\"0.3\" data-animationOffset=\"top-into-view\"><div class=\"fusion-column-wrapper fusion-column-has-shadow fusion-flex-justify-content-flex-start fusion-content-layout-column\"><div class=\"fusion-title title fusion-title-1 fusion-sep-none fusion-title-text fusion-title-size-one\" style=\"--awb-text-color:var(--awb-color1);--awb-margin-bottom:20px;--awb-margin-top-small:10px;--awb-margin-right-small:0px;--awb-margin-bottom-small:10px;--awb-margin-left-small:0px;--awb-text-stroke-size:0px;--awb-text-stroke-color:var(--awb-color3);\"><h1 class=\"fusion-title-heading title-heading-left fusion-responsive-typography-calculated\" style=\"margin:0;--fontSize:51;line-height:var(--awb-typography1-line-height);text-shadow:0px var(--awb-color1);\"><b>FAQ<\/b><\/h1><\/div><div class=\"fusion-text fusion-text-1\" style=\"--awb-text-color:var(--awb-color1);\"><p>On this page we have collected answers to frequently asked questions.<\/p>\n<\/div><div class=\"fusion-separator\" style=\"align-self: flex-start;margin-right:auto;width:100%;max-width:50px;\"><div class=\"fusion-separator-border sep-single sep-solid\" style=\"--awb-height:20px;--awb-amount:20px;border-color:var(--awb-color3);border-top-width:15px;\"><\/div><\/div><\/div><\/div><div class=\"fusion-layout-column fusion_builder_column fusion-builder-column-1 fusion_builder_column_1_2 1_2 fusion-flex-column fusion-animated\" style=\"--awb-overflow:hidden;--awb-bg-size:cover;--awb-border-radius:15px 15px 15px 15px;--awb-width-large:50%;--awb-margin-top-large:0px;--awb-spacing-right-large:0px;--awb-margin-bottom-large:0px;--awb-spacing-left-large:60px;--awb-width-medium:50%;--awb-order-medium:0;--awb-spacing-right-medium:60px;--awb-spacing-left-medium:60px;--awb-width-small:100%;--awb-order-small:0;--awb-spacing-right-small:60px;--awb-margin-bottom-small:60px;--awb-spacing-left-small:60px;\" data-animationType=\"fadeInRight\" data-animationDuration=\"0.3\" data-animationOffset=\"top-into-view\"><div class=\"fusion-column-wrapper fusion-column-has-shadow fusion-flex-justify-content-flex-start fusion-content-layout-column\"><div class=\"fusion-image-element \" style=\"--awb-caption-title-font-family:var(--h2_typography-font-family);--awb-caption-title-font-weight:var(--h2_typography-font-weight);--awb-caption-title-font-style:var(--h2_typography-font-style);--awb-caption-title-size:var(--h2_typography-font-size);--awb-caption-title-transform:var(--h2_typography-text-transform);--awb-caption-title-line-height:var(--h2_typography-line-height);--awb-caption-title-letter-spacing:var(--h2_typography-letter-spacing);\"><span class=\" fusion-imageframe imageframe-none imageframe-1 hover-type-none\"><img decoding=\"async\" width=\"1000\" height=\"600\" title=\"porlammin8\" src=\"https:\/\/www.porlammin.fi\/wp-content\/uploads\/2025\/01\/porlammin8.jpg\" alt class=\"img-responsive wp-image-1177\" srcset=\"https:\/\/www.porlammin.fi\/wp-content\/uploads\/2025\/01\/porlammin8-200x120.jpg 200w, https:\/\/www.porlammin.fi\/wp-content\/uploads\/2025\/01\/porlammin8-400x240.jpg 400w, https:\/\/www.porlammin.fi\/wp-content\/uploads\/2025\/01\/porlammin8-600x360.jpg 600w, https:\/\/www.porlammin.fi\/wp-content\/uploads\/2025\/01\/porlammin8-800x480.jpg 800w, https:\/\/www.porlammin.fi\/wp-content\/uploads\/2025\/01\/porlammin8.jpg 1000w\" sizes=\"(max-width: 640px) 100vw, 600px\" \/><\/span><\/div><\/div><\/div><div class=\"fusion-layout-column fusion_builder_column fusion-builder-column-2 fusion_builder_column_1_1 1_1 fusion-flex-column\" style=\"--awb-bg-size:cover;--awb-width-large:100%;--awb-margin-top-large:80px;--awb-spacing-right-large:60px;--awb-margin-bottom-large:0px;--awb-spacing-left-large:60px;--awb-width-medium:100%;--awb-order-medium:0;--awb-spacing-right-medium:60px;--awb-spacing-left-medium:60px;--awb-width-small:100%;--awb-order-small:2;--awb-margin-top-small:60px;--awb-spacing-right-small:60px;--awb-spacing-left-small:60px;\"><div class=\"fusion-column-wrapper fusion-column-has-shadow fusion-flex-justify-content-flex-start fusion-content-layout-column\"><div class=\"fusion-section-separator section-separator waves fusion-section-separator-1\" style=\"--awb-spacer-padding-top:inherit;--awb-svg-margin-left:60px;--awb-svg-margin-right:60px;--awb-svg-margin-left-medium:60px;--awb-svg-margin-right-medium:60px;--awb-svg-margin-left-small:60px;--awb-svg-margin-right-small:60px;--awb-divider-height:50px;--awb-spacer-height:50px;--awb-sep-font-size:0;--awb-sep-line-height:0;\"><div class=\"fusion-section-separator-svg\"><svg class=\"fusion-waves-candy\" xmlns=\"http:\/\/www.w3.org\/2000\/svg\" version=\"1.1\" width=\"100%\" viewBox=\"0 54 1024 162\" preserveAspectRatio=\"none\" fill=\"rgba(255,255,255,1)\"><path class=\"st3\" d=\"M0 216.312h1024v-3.044c-50.8-17.1-108.7-30.7-172.7-37.9-178.6-19.8-220 36.8-404.9 21.3-206.6-17.2-228-126.5-434.5-141.6-3.9-.3-7.9-.5-11.9-.7v161.944z\"\/><\/svg><\/div><div class=\"fusion-section-separator-spacer\"><div class=\"fusion-section-separator-spacer-height\"><\/div><\/div><\/div><\/div><\/div><\/div><\/div><div class=\"fusion-fullwidth fullwidth-box fusion-builder-row-2 fusion-flex-container has-pattern-background has-mask-background nonhundred-percent-fullwidth non-hundred-percent-height-scrolling\" style=\"--awb-border-radius-top-left:0px;--awb-border-radius-top-right:0px;--awb-border-radius-bottom-right:0px;--awb-border-radius-bottom-left:0px;--awb-padding-top:80px;--awb-padding-bottom:80px;--awb-flex-wrap:wrap;\" ><div class=\"fusion-builder-row fusion-row fusion-flex-align-items-flex-start fusion-flex-content-wrap\" style=\"max-width:1248px;margin-left: calc(-4% \/ 2 );margin-right: calc(-4% \/ 2 );\"><div class=\"fusion-layout-column fusion_builder_column fusion-builder-column-3 fusion-flex-column\" style=\"--awb-bg-size:cover;--awb-width-large:25%;--awb-margin-top-large:0px;--awb-spacing-right-large:7.68%;--awb-margin-bottom-large:20px;--awb-spacing-left-large:7.68%;--awb-width-medium:25%;--awb-order-medium:0;--awb-spacing-right-medium:7.68%;--awb-spacing-left-medium:7.68%;--awb-width-small:100%;--awb-order-small:1;--awb-spacing-right-small:1.92%;--awb-spacing-left-small:1.92%;\"><div class=\"fusion-column-wrapper fusion-column-has-shadow fusion-flex-justify-content-flex-start fusion-content-layout-column\"><div class=\"fusion-image-element sm-text-align-center\" style=\"--awb-caption-title-font-family:var(--h2_typography-font-family);--awb-caption-title-font-weight:var(--h2_typography-font-weight);--awb-caption-title-font-style:var(--h2_typography-font-style);--awb-caption-title-size:var(--h2_typography-font-size);--awb-caption-title-transform:var(--h2_typography-text-transform);--awb-caption-title-line-height:var(--h2_typography-line-height);--awb-caption-title-letter-spacing:var(--h2_typography-letter-spacing);\"><span class=\" fusion-imageframe imageframe-none imageframe-2 hover-type-none\" style=\"border-radius:15px;\"><img decoding=\"async\" width=\"400\" height=\"600\" title=\"porlammin\" src=\"https:\/\/www.porlammin.fi\/wp-content\/uploads\/2025\/01\/porlammin.jpg\" alt class=\"img-responsive wp-image-1099\" srcset=\"https:\/\/www.porlammin.fi\/wp-content\/uploads\/2025\/01\/porlammin-200x300.jpg 200w, https:\/\/www.porlammin.fi\/wp-content\/uploads\/2025\/01\/porlammin.jpg 400w\" sizes=\"(max-width: 640px) 100vw, 400px\" \/><\/span><\/div><\/div><\/div><div class=\"fusion-layout-column fusion_builder_column fusion-builder-column-4 fusion_builder_column_3_4 3_4 fusion-flex-column\" style=\"--awb-bg-size:cover;--awb-width-large:75%;--awb-margin-top-large:0px;--awb-spacing-right-large:2.56%;--awb-margin-bottom-large:20px;--awb-spacing-left-large:2.56%;--awb-width-medium:75%;--awb-order-medium:0;--awb-spacing-right-medium:2.56%;--awb-spacing-left-medium:2.56%;--awb-width-small:100%;--awb-order-small:0;--awb-spacing-right-small:1.92%;--awb-spacing-left-small:1.92%;\"><div class=\"fusion-column-wrapper fusion-column-has-shadow fusion-flex-justify-content-flex-start fusion-content-layout-column\"><div class=\"accordian fusion-accordian\" style=\"--awb-border-size:1px;--awb-icon-size:16px;--awb-content-font-size:var(--awb-typography4-font-size);--awb-icon-alignment:left;--awb-hover-color:var(--awb-color2);--awb-border-color:var(--awb-color3);--awb-background-color:var(--awb-color2);--awb-divider-color:var(--awb-color3);--awb-divider-hover-color:var(--awb-color3);--awb-icon-color:var(--awb-color1);--awb-title-color:var(--awb-color8);--awb-content-color:var(--awb-color8);--awb-icon-box-color:var(--awb-color8);--awb-toggle-hover-accent-color:var(--awb-color8);--awb-title-font-family:var(--awb-typography4-font-family);--awb-title-font-weight:var(--awb-typography4-font-weight);--awb-title-font-style:var(--awb-typography4-font-style);--awb-title-font-size:18px;--awb-content-font-family:var(--awb-typography4-font-family);--awb-content-font-weight:var(--awb-typography4-font-weight);--awb-content-font-style:var(--awb-typography4-font-style);\"><div class=\"panel-group fusion-toggle-icon-boxed\" id=\"accordion-1368-1\"><div class=\"fusion-panel panel-default panel-6fb786e4303f131bc fusion-toggle-no-divider fusion-toggle-boxed-mode\"><div class=\"panel-heading\"><h3 class=\"panel-title toggle\" id=\"toggle_6fb786e4303f131bc\"><a aria-expanded=\"false\" aria-controls=\"6fb786e4303f131bc\" role=\"button\" data-toggle=\"collapse\" data-parent=\"#accordion-1368-1\" data-target=\"#6fb786e4303f131bc\" href=\"#6fb786e4303f131bc\"><span class=\"fusion-toggle-icon-wrapper\" aria-hidden=\"true\"><i class=\"fa-fusion-box active-icon awb-icon-minus\" aria-hidden=\"true\"><\/i><i class=\"fa-fusion-box inactive-icon awb-icon-plus\" aria-hidden=\"true\"><\/i><\/span><span class=\"fusion-toggle-heading\">What are the opening hours of your factory outlet?<\/span><\/a><\/h3><\/div><div id=\"6fb786e4303f131bc\" class=\"panel-collapse collapse \" aria-labelledby=\"toggle_6fb786e4303f131bc\"><div class=\"panel-body toggle-content fusion-clearfix\">The cheese shop, located at the Dairy branch, is open on weekdays from 8am to 4pm.<\/div><\/div><\/div><div class=\"fusion-panel panel-default panel-04deff35c07ecdd90 fusion-toggle-no-divider fusion-toggle-boxed-mode\"><div class=\"panel-heading\"><h3 class=\"panel-title toggle\" id=\"toggle_04deff35c07ecdd90\"><a aria-expanded=\"false\" aria-controls=\"04deff35c07ecdd90\" role=\"button\" data-toggle=\"collapse\" data-parent=\"#accordion-1368-1\" data-target=\"#04deff35c07ecdd90\" href=\"#04deff35c07ecdd90\"><span class=\"fusion-toggle-icon-wrapper\" aria-hidden=\"true\"><i class=\"fa-fusion-box active-icon awb-icon-minus\" aria-hidden=\"true\"><\/i><i class=\"fa-fusion-box inactive-icon awb-icon-plus\" aria-hidden=\"true\"><\/i><\/span><span class=\"fusion-toggle-heading\">Do you use iodine in the salt in your products?<\/span><\/a><\/h3><\/div><div id=\"04deff35c07ecdd90\" class=\"panel-collapse collapse \" aria-labelledby=\"toggle_04deff35c07ecdd90\"><div class=\"panel-body toggle-content fusion-clearfix\">No, we use non-iodized salt in all the products we make.<\/div><\/div><\/div><div class=\"fusion-panel panel-default panel-254ea9ead1b64144a fusion-toggle-no-divider fusion-toggle-boxed-mode\"><div class=\"panel-heading\"><h3 class=\"panel-title toggle\" id=\"toggle_254ea9ead1b64144a\"><a aria-expanded=\"false\" aria-controls=\"254ea9ead1b64144a\" role=\"button\" data-toggle=\"collapse\" data-parent=\"#accordion-1368-1\" data-target=\"#254ea9ead1b64144a\" href=\"#254ea9ead1b64144a\"><span class=\"fusion-toggle-icon-wrapper\" aria-hidden=\"true\"><i class=\"fa-fusion-box active-icon awb-icon-minus\" aria-hidden=\"true\"><\/i><i class=\"fa-fusion-box inactive-icon awb-icon-plus\" aria-hidden=\"true\"><\/i><\/span><span class=\"fusion-toggle-heading\">Do you use animal or microbial runners?<\/span><\/a><\/h3><\/div><div id=\"254ea9ead1b64144a\" class=\"panel-collapse collapse \" aria-labelledby=\"toggle_254ea9ead1b64144a\"><div class=\"panel-body toggle-content fusion-clearfix\">We use microbial runners in our products.<\/div><\/div><\/div><div class=\"fusion-panel panel-default panel-12b17db76d3f7a16e fusion-toggle-no-divider fusion-toggle-boxed-mode\"><div class=\"panel-heading\"><h3 class=\"panel-title toggle\" id=\"toggle_12b17db76d3f7a16e\"><a aria-expanded=\"false\" aria-controls=\"12b17db76d3f7a16e\" role=\"button\" data-toggle=\"collapse\" data-parent=\"#accordion-1368-1\" data-target=\"#12b17db76d3f7a16e\" href=\"#12b17db76d3f7a16e\"><span class=\"fusion-toggle-icon-wrapper\" aria-hidden=\"true\"><i class=\"fa-fusion-box active-icon awb-icon-minus\" aria-hidden=\"true\"><\/i><i class=\"fa-fusion-box inactive-icon awb-icon-plus\" aria-hidden=\"true\"><\/i><\/span><span class=\"fusion-toggle-heading\">Are your products lactose-free?<\/span><\/a><\/h3><\/div><div id=\"12b17db76d3f7a16e\" class=\"panel-collapse collapse \" aria-labelledby=\"toggle_12b17db76d3f7a16e\"><div class=\"panel-body toggle-content fusion-clearfix\">Hard ripened cheeses are naturally lactose-free or at least low in lactose due to the ripening process, even if the lactose has not been specifically removed. During ripening, the lactose in the cheese is broken down, resulting in a final product with very little or no lactose.<\/p>\n<p>Plant-based products are also lactose-free.<\/div><\/div><\/div><div class=\"fusion-panel panel-default panel-c3bf48e8d1f4bcb60 fusion-toggle-no-divider fusion-toggle-boxed-mode\"><div class=\"panel-heading\"><h3 class=\"panel-title toggle\" id=\"toggle_c3bf48e8d1f4bcb60\"><a aria-expanded=\"false\" aria-controls=\"c3bf48e8d1f4bcb60\" role=\"button\" data-toggle=\"collapse\" data-parent=\"#accordion-1368-1\" data-target=\"#c3bf48e8d1f4bcb60\" href=\"#c3bf48e8d1f4bcb60\"><span class=\"fusion-toggle-icon-wrapper\" aria-hidden=\"true\"><i class=\"fa-fusion-box active-icon awb-icon-minus\" aria-hidden=\"true\"><\/i><i class=\"fa-fusion-box inactive-icon awb-icon-plus\" aria-hidden=\"true\"><\/i><\/span><span class=\"fusion-toggle-heading\">The product I bought was mouldy, how could this have happened?<\/span><\/a><\/h3><\/div><div id=\"c3bf48e8d1f4bcb60\" class=\"panel-collapse collapse \" aria-labelledby=\"toggle_c3bf48e8d1f4bcb60\"><div class=\"panel-body toggle-content fusion-clearfix\">If there is a hole in the package, the shielding gas can escape from the package. As a result, air can leak into the package and with it mould spores. A hole in the packaging can be caused, for example, by a possible malfunction of the packaging machine, which prevents the packaging seam from sealing. In case of complaints, please contact us palaute(a)porlammin.fi<\/div><\/div><\/div><div class=\"fusion-panel panel-default panel-e3bdd5e126147be38 fusion-toggle-no-divider fusion-toggle-boxed-mode\"><div class=\"panel-heading\"><h3 class=\"panel-title toggle\" id=\"toggle_e3bdd5e126147be38\"><a aria-expanded=\"false\" aria-controls=\"e3bdd5e126147be38\" role=\"button\" data-toggle=\"collapse\" data-parent=\"#accordion-1368-1\" data-target=\"#e3bdd5e126147be38\" href=\"#e3bdd5e126147be38\"><span class=\"fusion-toggle-icon-wrapper\" aria-hidden=\"true\"><i class=\"fa-fusion-box active-icon awb-icon-minus\" aria-hidden=\"true\"><\/i><i class=\"fa-fusion-box inactive-icon awb-icon-plus\" aria-hidden=\"true\"><\/i><\/span><span class=\"fusion-toggle-heading\">Where are our products sold?<\/span><\/a><\/h3><\/div><div id=\"e3bdd5e126147be38\" class=\"panel-collapse collapse \" aria-labelledby=\"toggle_e3bdd5e126147be38\"><div class=\"panel-body toggle-content fusion-clearfix\">\n<p><strong>Consumer products<\/strong><\/p>\n<p>Our products are available nationwide. The range of our products varies from store to store and from chain to chain. If you can&#8217;t find a product in your local store, you should make a request to the store staff.<\/p>\n<p>You can buy consumer products from, among others, the following outlets:<\/p>\n<p><a href=\"http:\/\/www.s-kaupat.fi\">S-kaupat.fi<\/a> and <a href=\"http:\/\/www.k-kauppa.fi\">K-ruoka.fi<\/a><\/p>\n<p><a href=\"https:\/\/heilan.fi\/\">Heinola Heila<\/a><\/p>\n<p><a href=\"https:\/\/pukaronparoni.com\/\">Liquid Pukaron Baroni<\/a><\/p>\n<p><a href=\"http:\/\/www.fishermans.fi\">Fisherman&#8217;s Food, Lapinj\u00e4rvi<\/a><\/p>\n<p><a href=\"https:\/\/www.facebook.com\/hardominleipa\/\">Hardomin Bread, Loviisa<\/a><\/p>\n<p><a href=\"https:\/\/samivaananen.fi\/\">Sami V\u00e4\u00e4n\u00e4nen Oy<\/a>, Grani Shopping Centre, Kauniainen, Finland<\/p>\n<p><strong><em>Professional products<\/em><\/strong><\/p>\n<p>You can buy our products designed for HORECA from the following outlets, among others:<\/p>\n<p>Valio Aimo, Metro Tukku, Kespro, Meira Nova, Hedvi, Patu Service Wholesalers<\/p>\n<\/div><\/div><\/div><\/div><\/div><\/div><\/div><\/div><\/div><\/p>\n","protected":false},"excerpt":{"rendered":"","protected":false},"author":1,"featured_media":0,"parent":0,"menu_order":0,"comment_status":"closed","ping_status":"closed","template":"100-width.php","meta":{"footnotes":""},"class_list":["post-1368","page","type-page","status-publish","hentry"],"yoast_head":"<!-- This site is optimized with the Yoast SEO plugin v27.4 - https:\/\/yoast.com\/product\/yoast-seo-wordpress\/ -->\n<title>FAQ \u2013 Porlammin Dairy | Frequently Asked Questions<\/title>\n<meta name=\"description\" content=\"Find answers to common questions about Porlammin Dairy&#039;s products, production methods and company values.\" \/>\n<meta name=\"robots\" content=\"index, follow, max-snippet:-1, max-image-preview:large, max-video-preview:-1\" \/>\n<link rel=\"canonical\" href=\"https:\/\/www.porlammin.fi\/en\/faq\/\" \/>\n<meta property=\"og:locale\" content=\"en_US\" \/>\n<meta property=\"og:type\" content=\"article\" \/>\n<meta property=\"og:title\" content=\"FAQ \u2013 Porlammin Dairy | Frequently Asked Questions\" \/>\n<meta property=\"og:description\" content=\"Find answers to common questions about Porlammin Dairy&#039;s products, production methods and company values.\" \/>\n<meta property=\"og:url\" content=\"https:\/\/www.porlammin.fi\/en\/faq\/\" \/>\n<meta property=\"og:site_name\" content=\"Porlammin Meijeri\" \/>\n<meta property=\"article:modified_time\" content=\"2025-08-05T12:30:13+00:00\" \/>\n<meta property=\"og:image\" content=\"https:\/\/www.porlammin.fi\/wp-content\/uploads\/2025\/01\/Open_graph2.jpg\" \/>\n\t<meta property=\"og:image:width\" content=\"1200\" \/>\n\t<meta property=\"og:image:height\" content=\"650\" \/>\n\t<meta property=\"og:image:type\" content=\"image\/jpeg\" \/>\n<meta name=\"twitter:card\" content=\"summary_large_image\" \/>\n<meta name=\"twitter:label1\" content=\"Est. reading time\" \/>\n\t<meta name=\"twitter:data1\" content=\"2 minutes\" \/>\n<script type=\"application\/ld+json\" class=\"yoast-schema-graph\">{\"@context\":\"https:\\\/\\\/schema.org\",\"@graph\":[{\"@type\":\"WebPage\",\"@id\":\"https:\\\/\\\/www.porlammin.fi\\\/en\\\/faq\\\/\",\"url\":\"https:\\\/\\\/www.porlammin.fi\\\/en\\\/faq\\\/\",\"name\":\"FAQ \u2013 Porlammin Dairy | Frequently Asked Questions\",\"isPartOf\":{\"@id\":\"https:\\\/\\\/www.porlammin.fi\\\/en\\\/#website\"},\"datePublished\":\"2024-03-08T12:16:54+00:00\",\"dateModified\":\"2025-08-05T12:30:13+00:00\",\"description\":\"Find answers to common questions about Porlammin Dairy's products, production methods and company values.\",\"breadcrumb\":{\"@id\":\"https:\\\/\\\/www.porlammin.fi\\\/en\\\/faq\\\/#breadcrumb\"},\"inLanguage\":\"en-US\",\"potentialAction\":[{\"@type\":\"ReadAction\",\"target\":[\"https:\\\/\\\/www.porlammin.fi\\\/en\\\/faq\\\/\"]}]},{\"@type\":\"BreadcrumbList\",\"@id\":\"https:\\\/\\\/www.porlammin.fi\\\/en\\\/faq\\\/#breadcrumb\",\"itemListElement\":[{\"@type\":\"ListItem\",\"position\":1,\"name\":\"Home\",\"item\":\"https:\\\/\\\/www.porlammin.fi\\\/en\\\/\"},{\"@type\":\"ListItem\",\"position\":2,\"name\":\"FAQ\"}]},{\"@type\":\"WebSite\",\"@id\":\"https:\\\/\\\/www.porlammin.fi\\\/en\\\/#website\",\"url\":\"https:\\\/\\\/www.porlammin.fi\\\/en\\\/\",\"name\":\"Porlammin Meijeri\",\"description\":\"\",\"potentialAction\":[{\"@type\":\"SearchAction\",\"target\":{\"@type\":\"EntryPoint\",\"urlTemplate\":\"https:\\\/\\\/www.porlammin.fi\\\/en\\\/?s={search_term_string}\"},\"query-input\":{\"@type\":\"PropertyValueSpecification\",\"valueRequired\":true,\"valueName\":\"search_term_string\"}}],\"inLanguage\":\"en-US\"}]}<\/script>\n<!-- \/ Yoast SEO plugin. -->","yoast_head_json":{"title":"FAQ \u2013 Porlammin Dairy | Frequently Asked Questions","description":"Find answers to common questions about Porlammin Dairy's products, production methods and company values.","robots":{"index":"index","follow":"follow","max-snippet":"max-snippet:-1","max-image-preview":"max-image-preview:large","max-video-preview":"max-video-preview:-1"},"canonical":"https:\/\/www.porlammin.fi\/en\/faq\/","og_locale":"en_US","og_type":"article","og_title":"FAQ \u2013 Porlammin Dairy | Frequently Asked Questions","og_description":"Find answers to common questions about Porlammin Dairy's products, production methods and company values.","og_url":"https:\/\/www.porlammin.fi\/en\/faq\/","og_site_name":"Porlammin Meijeri","article_modified_time":"2025-08-05T12:30:13+00:00","og_image":[{"width":1200,"height":650,"url":"https:\/\/www.porlammin.fi\/wp-content\/uploads\/2025\/01\/Open_graph2.jpg","type":"image\/jpeg"}],"twitter_card":"summary_large_image","twitter_misc":{"Est. reading time":"2 minutes"},"schema":{"@context":"https:\/\/schema.org","@graph":[{"@type":"WebPage","@id":"https:\/\/www.porlammin.fi\/en\/faq\/","url":"https:\/\/www.porlammin.fi\/en\/faq\/","name":"FAQ \u2013 Porlammin Dairy | Frequently Asked Questions","isPartOf":{"@id":"https:\/\/www.porlammin.fi\/en\/#website"},"datePublished":"2024-03-08T12:16:54+00:00","dateModified":"2025-08-05T12:30:13+00:00","description":"Find answers to common questions about Porlammin Dairy's products, production methods and company values.","breadcrumb":{"@id":"https:\/\/www.porlammin.fi\/en\/faq\/#breadcrumb"},"inLanguage":"en-US","potentialAction":[{"@type":"ReadAction","target":["https:\/\/www.porlammin.fi\/en\/faq\/"]}]},{"@type":"BreadcrumbList","@id":"https:\/\/www.porlammin.fi\/en\/faq\/#breadcrumb","itemListElement":[{"@type":"ListItem","position":1,"name":"Home","item":"https:\/\/www.porlammin.fi\/en\/"},{"@type":"ListItem","position":2,"name":"FAQ"}]},{"@type":"WebSite","@id":"https:\/\/www.porlammin.fi\/en\/#website","url":"https:\/\/www.porlammin.fi\/en\/","name":"Porlammin Meijeri","description":"","potentialAction":[{"@type":"SearchAction","target":{"@type":"EntryPoint","urlTemplate":"https:\/\/www.porlammin.fi\/en\/?s={search_term_string}"},"query-input":{"@type":"PropertyValueSpecification","valueRequired":true,"valueName":"search_term_string"}}],"inLanguage":"en-US"}]}},"_links":{"self":[{"href":"https:\/\/www.porlammin.fi\/en\/wp-json\/wp\/v2\/pages\/1368","targetHints":{"allow":["GET"]}}],"collection":[{"href":"https:\/\/www.porlammin.fi\/en\/wp-json\/wp\/v2\/pages"}],"about":[{"href":"https:\/\/www.porlammin.fi\/en\/wp-json\/wp\/v2\/types\/page"}],"author":[{"embeddable":true,"href":"https:\/\/www.porlammin.fi\/en\/wp-json\/wp\/v2\/users\/1"}],"replies":[{"embeddable":true,"href":"https:\/\/www.porlammin.fi\/en\/wp-json\/wp\/v2\/comments?post=1368"}],"version-history":[{"count":9,"href":"https:\/\/www.porlammin.fi\/en\/wp-json\/wp\/v2\/pages\/1368\/revisions"}],"predecessor-version":[{"id":1701,"href":"https:\/\/www.porlammin.fi\/en\/wp-json\/wp\/v2\/pages\/1368\/revisions\/1701"}],"wp:attachment":[{"href":"https:\/\/www.porlammin.fi\/en\/wp-json\/wp\/v2\/media?parent=1368"}],"curies":[{"name":"wp","href":"https:\/\/api.w.org\/{rel}","templated":true}]}}